  
{"id":1774,"date":"2025-11-10T14:33:29","date_gmt":"2025-11-10T14:33:29","guid":{"rendered":"https:\/\/gastbobbi.com\/?page_id=1774"},"modified":"2025-11-11T06:00:35","modified_gmt":"2025-11-11T06:00:35","slug":"kontakt","status":"publish","type":"page","link":"https:\/\/gastbobbi.com\/?page_id=1774","title":{"rendered":"Kontakt"},"content":{"rendered":"\t\t<div data-elementor-type=\"wp-page\" data-elementor-id=\"1774\" class=\"elementor elementor-1774\">\n\t\t\t\t<div class=\"elementor-element elementor-element-399a00a e-flex e-con-boxed e-con e-parent\" data-id=\"399a00a\" data-element_type=\"container\">\n\t\t\t\t\t<div class=\"e-con-inner\">\n\t\t\t\t<div class=\"elementor-element elementor-element-21ca905 elementor-widget elementor-widget-html\" data-id=\"21ca905\" data-element_type=\"widget\" data-widget_type=\"html.default\">\n\t\t\t\t<div class=\"elementor-widget-container\">\n\t\t\t\t\t<style>\r\n  #formThanks {\r\n    display: flex;\r\n    flex-direction: column;\r\n    align-items: center;\r\n    row-gap: 16px;\r\n    width: 100%;\r\n    padding: 10px;\r\n  }\r\n\r\n  #formThanks.hidden {\r\n    display: none !important;\r\n  }\r\n\r\n  #formThanks .custom-form-control {\r\n    width: 100%;\r\n    padding: 10px 20px;\r\n    outline: none !important;\r\n    border: 1px solid transparent;\r\n    border-radius: 5px;\r\n    -webkit-box-shadow: 0px 0px 6px 2px rgba(255, 0, 0, 0.2);\r\n    -moz-box-shadow: 0px 0px 6px 2px rgba(255, 0, 0, 0.2);\r\n    box-shadow: 0px 0px 6px 2px rgba(255, 0, 0, 0.2);\r\n    transition: 0.3s;\r\n  }\r\n\r\n  #formThanks label {\r\n    align-self: flex-start;\r\n    display: flex;\r\n    align-items: flex-start;\r\n    gap: 10px;\r\n  }\r\n  #formThanks label input {\r\n    margin: 4px 0 0 !important;\r\n    accent-color: #ff0000;\r\n    transition: 0.3s;\r\n  }\r\n  #formThanks label p {\r\n    color: inherit;\r\n    margin: 0 !important;\r\n  }\r\n  #formThanks label a {\r\n    color: #ff0000;\r\n    transition: 0.3s;\r\n  }\r\n  #formThanks label a:hover {\r\n    color: #000;\r\n  }\r\n\r\n  #formThanks .submitBnt {\r\n    padding: 20px 40px;\r\n    outline: none !important;\r\n    border: none !important;\r\n    border-radius: 5px;\r\n    background-color: #ff0000;\r\n    color: #fff;\r\n    cursor: pointer;\r\n    transition: 0.3s;\r\n  }\r\n\r\n  #formThanks .submitBnt:hover {\r\n    background-color: #000;\r\n  }\r\n\r\n  p.success {\r\n    display: none;\r\n    text-align: center;\r\n    font-size: 18px;\r\n    padding: 40px 0;\r\n  }\r\n\r\n  p.success.show {\r\n    display: block;\r\n  }\r\n<\/style>\r\n\r\n<script>\r\n  function saveData() {\r\n    const name = document.getElementById(\"name\").value;\r\n    const email = document.getElementById(\"email\").value;\r\n    const checkbox = document.getElementById(\"terms\").checked;\r\n\r\n    if (name !== \"\" && email !== \"\" && checkbox) {\r\n      event.preventDefault();\r\n      window.location.href = \"https:\/\/gastbobbi.com\/?page_id=1776\";\r\n    }\r\n  }\r\n<\/script>\r\n\r\n<div>\r\n  <form class=\"form-thanks\" id=\"formThanks\">\r\n    <input required name=\"name\" type=\"text\" id=\"name\" class=\"custom-form-control\" placeholder=\"Name *\" \/>\r\n    <input required name=\"email\" type=\"email\" id=\"email\" class=\"custom-form-control\" placeholder=\"E-Mail *\" \/>\r\n    <label>\r\n      <input type=\"checkbox\" id=\"terms\"\/>\r\n      <p>* Ich habe die <a href=\"https:\/\/gastbobbi.com\/?page_id=1768\">Allgemeinen Gesch\u00e4ftsbedingungen gelesen<\/a> und akzeptiere sie.<\/p>\r\n    <\/label>\r\n    <label>\r\n      <input type=\"checkbox\"\/>\r\n      <p>Ich m\u00f6chte weiterhin n\u00fctzliche Nachrichten und wertvolle Tipps erhalten und stimme der Verarbeitung meiner pers\u00f6nlichen\r\n      Daten bez\u00fcglich meiner E-Mail-Adresse zu.<\/p>\r\n    <\/label>\r\n\r\n    <input type=\"submit\" class=\"submitBnt\" value=\"Senden\" onclick=\"saveData()\" \/>\r\n  <\/form>\r\n<\/div>\t\t\t\t<\/div>\n\t\t\t\t<\/div>\n\t\t\t\t\t<\/div>\n\t\t\t\t<\/div>\n\t\t\t\t<\/div>\n\t\t","protected":false},"excerpt":{"rendered":"<p>* Ich habe die Allgemeinen Gesch\u00e4ftsbedingungen gelesen und akzeptiere sie. Ich m\u00f6chte weiterhin n\u00fctzliche Nachrichten und wertvolle Tipps erhalten und stimme der Verarbeitung meiner pers\u00f6nlichen Daten bez\u00fcglich meiner E-Mail-Adresse zu.<\/p>\n","protected":false},"author":1,"featured_media":0,"parent":0,"menu_order":0,"comment_status":"closed","ping_status":"closed","template":"","meta":{"footnotes":""},"class_list":["post-1774","page","type-page","status-publish","hentry"],"_links":{"self":[{"href":"https:\/\/gastbobbi.com\/index.php?rest_route=\/wp\/v2\/pages\/1774","targetHints":{"allow":["GET"]}}],"collection":[{"href":"https:\/\/gastbobbi.com\/index.php?rest_route=\/wp\/v2\/pages"}],"about":[{"href":"https:\/\/gastbobbi.com\/index.php?rest_route=\/wp\/v2\/types\/page"}],"author":[{"embeddable":true,"href":"https:\/\/gastbobbi.com\/index.php?rest_route=\/wp\/v2\/users\/1"}],"replies":[{"embeddable":true,"href":"https:\/\/gastbobbi.com\/index.php?rest_route=%2Fwp%2Fv2%2Fcomments&post=1774"}],"version-history":[{"count":16,"href":"https:\/\/gastbobbi.com\/index.php?rest_route=\/wp\/v2\/pages\/1774\/revisions"}],"predecessor-version":[{"id":1875,"href":"https:\/\/gastbobbi.com\/index.php?rest_route=\/wp\/v2\/pages\/1774\/revisions\/1875"}],"wp:attachment":[{"href":"https:\/\/gastbobbi.com\/index.php?rest_route=%2Fwp%2Fv2%2Fmedia&parent=1774"}],"curies":[{"name":"wp","href":"https:\/\/api.w.org\/{rel}","templated":true}]}}