  
{"id":1880,"date":"2025-11-11T11:05:08","date_gmt":"2025-11-11T11:05:08","guid":{"rendered":"https:\/\/gastbobbi.com\/?page_id=1880"},"modified":"2025-11-11T11:07:25","modified_gmt":"2025-11-11T11:07:25","slug":"ueber-uns-ihr-verlaesslicher-begleiter-durch-die-nachrichtenlandschaft","status":"publish","type":"page","link":"https:\/\/gastbobbi.com\/?page_id=1880","title":{"rendered":"\u00dcber uns \u2013 Ihr verl\u00e4sslicher Begleiter durch die Nachrichtenlandschaft"},"content":{"rendered":"\t\t<div data-elementor-type=\"wp-page\" data-elementor-id=\"1880\" class=\"elementor elementor-1880\">\n\t\t\t\t<div class=\"elementor-element elementor-element-587929b e-flex e-con-boxed e-con e-parent\" data-id=\"587929b\" data-element_type=\"container\">\n\t\t\t\t\t<div class=\"e-con-inner\">\n\t\t\t\t<div class=\"elementor-element elementor-element-d9bcc24 elementor-widget elementor-widget-image\" data-id=\"d9bcc24\" data-element_type=\"widget\" data-widget_type=\"image.default\">\n\t\t\t\t<div class=\"elementor-widget-container\">\n\t\t\t\t\t\t\t\t\t\t\t\t\t\t\t<img fetchpriority=\"high\" decoding=\"async\" width=\"1024\" height=\"558\" src=\"https:\/\/gastbobbi.com\/wp-content\/uploads\/2025\/11\/O_professii_biznes-trenera--1024x558.jpg\" class=\"attachment-large size-large wp-image-1885\" alt=\"\" srcset=\"https:\/\/gastbobbi.com\/wp-content\/uploads\/2025\/11\/O_professii_biznes-trenera--1024x558.jpg 1024w, https:\/\/gastbobbi.com\/wp-content\/uploads\/2025\/11\/O_professii_biznes-trenera--300x163.jpg 300w, https:\/\/gastbobbi.com\/wp-content\/uploads\/2025\/11\/O_professii_biznes-trenera--768x419.jpg 768w, https:\/\/gastbobbi.com\/wp-content\/uploads\/2025\/11\/O_professii_biznes-trenera--1536x837.jpg 1536w, https:\/\/gastbobbi.com\/wp-content\/uploads\/2025\/11\/O_professii_biznes-trenera--1920x1046.jpg 1920w, https:\/\/gastbobbi.com\/wp-content\/uploads\/2025\/11\/O_professii_biznes-trenera--1170x638.jpg 1170w, https:\/\/gastbobbi.com\/wp-content\/uploads\/2025\/11\/O_professii_biznes-trenera--585x319.jpg 585w, https:\/\/gastbobbi.com\/wp-content\/uploads\/2025\/11\/O_professii_biznes-trenera-.jpg 2048w\" sizes=\"(max-width: 1024px) 100vw, 1024px\" \/>\t\t\t\t\t\t\t\t\t\t\t\t\t\t\t<\/div>\n\t\t\t\t<\/div>\n\t\t\t\t<div class=\"elementor-element elementor-element-0b92a34 elementor-widget elementor-widget-penci-text-block\" data-id=\"0b92a34\" data-element_type=\"widget\" data-widget_type=\"penci-text-block.default\">\n\t\t\t\t<div class=\"elementor-widget-container\">\n\t\t\t\t\t\t\t<div class=\"penci-block-vc penci-text-editor\">\n\t\t\t\t\t\t<div class=\"penci-block_content\">\n\t\t\t\t<div class=\"elementor-text-editor elementor-clearfix\"><p><span style=\"font-weight: 400;\">Willkommen\u00a0 \u2013 Ihrer unabh\u00e4ngigen Online-Zeitung, die seit Jahren daf\u00fcr sorgt, dass Sie die wichtigsten Ereignisse verstehen, ohne \u00fcberfl\u00fcssigen L\u00e4rm.<\/span><\/p><p><span style=\"font-weight: 400;\">Wir glauben: Gute Nachrichten brauchen Kontext \u2013 nicht nur Schlagzeilen. Deshalb kombinieren wir fundierte Recherche mit klarer Sprache, um komplexe Themen aus Politik, Wirtschaft, Gesellschaft, Kultur, Technologie und Umwelt verst\u00e4ndlich und objektiv zu erkl\u00e4ren. Unser Ziel? Nicht zu sensibilisieren, sondern zu informieren. Nicht zu polarisieren, sondern zu verbinden.<\/span><\/p><p><span style=\"font-weight: 400;\">Unsere Redaktion besteht aus erfahrenen Journalist:innen, Wissenschaftler:innen und Branchenexperten, die sich t\u00e4glich daf\u00fcr einsetzen, Fakten zu pr\u00fcfen, Hintergr\u00fcnde zu enth\u00fcllen und Stimmen aus allen Teilen Deutschlands zu Geh\u00f6r zu bringen \u2013 von Berlin bis Bayern, von Hamburg bis Heidelberg.<\/span><\/p><p><span style=\"font-weight: 400;\">Was uns ausmacht:<\/span><\/p><p><span style=\"font-weight: 400;\">\ud83d\udd39 Vielfalt statt Echokammer \u2013 Von Lokalnachrichten bis zu globalen Trends: Unsere Rubriken decken alle Bereiche ab, die Sie interessieren.\u00a0\u00a0<\/span><\/p><p><span style=\"font-weight: 400;\">\ud83d\udd39 Transparenz als Prinzip \u2013 Wir kennzeichnen Quellen, vermeiden voreilige Urteile und korrigieren Fehler offen.\u00a0\u00a0<\/span><\/p><p><span style=\"font-weight: 400;\">\ud83d\udd39 F\u00fcr Sie gemacht \u2013 Kein Paywall-Druck, keine k\u00fcnstliche Dringlichkeit. Nur relevante Inhalte, die Ihnen Zeit und \u00dcberblick schenken.\u00a0\u00a0<\/span><\/p><p><span style=\"font-weight: 400;\">\ud83d\udd39 Digital, aber nicht oberfl\u00e4chlich \u2013 Wir nutzen die Vorteile des Internets, um tiefgehende Analysen, Infografiken und Interviews anzubieten \u2013 ohne auf Qualit\u00e4t zu verzichten.<\/span><\/p><p><span style=\"font-weight: 400;\">Ob Sie sich \u00fcber die aktuelle Energiepolitik informieren, nach dem besten Reiseziel f\u00fcr den n\u00e4chsten Urlaub suchen oder wissen wollen, wie sich neue Technologien auf Ihren Alltag auswirken\u00a0 finden Sie fundierte, neutrale und leicht verst\u00e4ndliche Berichterstattung.<\/span><\/p><\/div>\n\t\t\t<\/div>\n\t\t<\/div>\n\t\t\t\t\t\t<\/div>\n\t\t\t\t<\/div>\n\t\t\t\t\t<\/div>\n\t\t\t\t<\/div>\n\t\t\t\t<\/div>\n\t\t","protected":false},"excerpt":{"rendered":"<p>Willkommen\u00a0 \u2013 Ihrer unabh\u00e4ngigen Online-Zeitung, die seit Jahren daf\u00fcr sorgt, dass Sie die wichtigsten Ereignisse verstehen, ohne \u00fcberfl\u00fcssigen L\u00e4rm. Wir glauben: Gute Nachrichten brauchen Kontext \u2013 nicht nur Schlagzeilen. Deshalb&hellip;<\/p>\n","protected":false},"author":1,"featured_media":0,"parent":0,"menu_order":0,"comment_status":"closed","ping_status":"closed","template":"","meta":{"footnotes":""},"class_list":["post-1880","page","type-page","status-publish","hentry"],"_links":{"self":[{"href":"https:\/\/gastbobbi.com\/index.php?rest_route=\/wp\/v2\/pages\/1880","targetHints":{"allow":["GET"]}}],"collection":[{"href":"https:\/\/gastbobbi.com\/index.php?rest_route=\/wp\/v2\/pages"}],"about":[{"href":"https:\/\/gastbobbi.com\/index.php?rest_route=\/wp\/v2\/types\/page"}],"author":[{"embeddable":true,"href":"https:\/\/gastbobbi.com\/index.php?rest_route=\/wp\/v2\/users\/1"}],"replies":[{"embeddable":true,"href":"https:\/\/gastbobbi.com\/index.php?rest_route=%2Fwp%2Fv2%2Fcomments&post=1880"}],"version-history":[{"count":7,"href":"https:\/\/gastbobbi.com\/index.php?rest_route=\/wp\/v2\/pages\/1880\/revisions"}],"predecessor-version":[{"id":1888,"href":"https:\/\/gastbobbi.com\/index.php?rest_route=\/wp\/v2\/pages\/1880\/revisions\/1888"}],"wp:attachment":[{"href":"https:\/\/gastbobbi.com\/index.php?rest_route=%2Fwp%2Fv2%2Fmedia&parent=1880"}],"curies":[{"name":"wp","href":"https:\/\/api.w.org\/{rel}","templated":true}]}}